{"id":5907,"date":"2024-10-28T11:01:28","date_gmt":"2024-10-28T14:01:28","guid":{"rendered":"https:\/\/oescadao.com.br\/?post_type=product&#038;p=5907"},"modified":"2026-03-23T12:01:57","modified_gmt":"2026-03-23T15:01:57","slug":"furadeira-de-impacto-gsb-450re-3-8-pol-450w-bosch-06011b50d0-000","status":"publish","type":"product","link":"https:\/\/oescadao.com.br\/index.php\/produto\/furadeira-de-impacto-gsb-450re-3-8-pol-450w-bosch-06011b50d0-000\/","title":{"rendered":"FURAD BOSCH 3\/8&#8243; GSB 450RE PROF 450W 06011B50E"},"content":{"rendered":"<div class=\"page-heading\"><span id=\"infoproduto\" class=\"page-heading-title informacaoProduto\">Descri\u00e7\u00e3o do Produto<\/span><\/div>\n<div class=\"container__seo\">\n<div>Furadeira de Impacto GSB-450RE, com pot\u00eancia de 450W, \u00e9 mais confort\u00e1vel, com apenas 1,2Kg, perfura alvenaria, madeira e metal, com e sem impacto, gra\u00e7as ao bot\u00e3o comutador. Realiza, tamb\u00e9m, parafusamentos atrav\u00e9s da fun\u00e7\u00e3o de revers\u00e3o e fa\u00e7a trabalhos cont\u00ednuos com o aux\u00edlio do bot\u00e3o trava.<\/p>\n<p><strong>&#8211; Especifica\u00e7\u00f5es T\u00e9cnicas:<\/strong><\/div>\n<div><strong><br \/>\n<\/strong>:: Tens\u00e3o: 110V<strong><br \/>\n<\/strong>:: Pot\u00eancia nominal absorvida: 450W<br \/>\n:: N\u00b0 de rota\u00e7\u00f5es em vazio: 0 \u2013 3.100 RPM<br \/>\n:: Mandril de encaixe do veio da broca: 3\/8\u201d -24 UNF<br \/>\n:: Amplitude de aperto, min.\/m\u00e1x.: 1 \u2013 10mm<br \/>\n:: N\u00b0 m\u00e1x. de impactos em vazio: 0 \u2013 49.600 IPM<br \/>\n:: Faixa de perfura\u00e7\u00e3o:<br \/>\n# Di\u00e2metro de perfura\u00e7\u00e3o em concreto: 10mm<br \/>\n# Di\u00e2metro de perfura\u00e7\u00e3o em madeira: 20mm<br \/>\n# Di\u00e2metro de perfura\u00e7\u00e3o em a\u00e7o: 10mm<br \/>\n:: Valores totais de vibra\u00e7\u00e3o (Perfurar metal):<br \/>\n# Valor de emiss\u00e3o de vibra\u00e7\u00f5es ah: 4,9 m\/s\u00b2<br \/>\n# Incerteza K: 1,5 m\/s\u00b2<br \/>\n:: Valores totais de vibra\u00e7\u00e3o (Perfurar com percuss\u00e3o em concreto):<br \/>\n# Valor de emiss\u00e3o de vibra\u00e7\u00f5es ah: 11,7 m\/s\u00b2<br \/>\n# Incerteza K: 1,5 m\/s\u00b2<br \/>\n:: Peso: 1,2 kg<\/p>\n<p><strong>&#8211; Conte\u00fado da Embalagem:<\/strong><\/p>\n<p>:: Furadeira de Impacto 3\/8&#8243;<\/p><\/div>\n<div>\n<strong>&#8211; Garantia:\u00a0<\/strong>1 Ano<\/p>\n<p>&#8211; 7891009857855<\/p>\n<\/div>\n<\/div>\n<p>&nbsp;<\/p>\n<p>Ref.: BOSCH-06011B50D0-000<\/p>\n<p>Marca.:\u00a0<a class=\"by-brand\" href=\"https:\/\/www.lojadomecanico.com.br\/bosch\"><b>BOSCH<\/b><\/a><\/p>\n<p>*Imagens meramente ilustrativas<\/p>\n<p>*Todas as informa\u00e7\u00f5es divulgadas s\u00e3o de responsabilidade do Fabricante\/Fornecedor<\/p>\n","protected":false},"excerpt":{"rendered":"<p>Descri\u00e7\u00e3o do Produto Furadeira de Impacto GSB-450RE, com pot\u00eancia de 450W, \u00e9 mais confort\u00e1vel, com apenas 1,2Kg, perfura alvenaria, madeira<\/p>\n","protected":false},"featured_media":14314,"comment_status":"open","ping_status":"closed","template":"","meta":[],"product_brand":[],"product_cat":[220,602],"product_tag":[],"class_list":{"0":"post-5907","1":"product","2":"type-product","3":"status-publish","4":"has-post-thumbnail","6":"product_cat-ferramentas","7":"product_cat-furadeiras","9":"first","10":"instock","11":"shipping-taxable","12":"purchasable","13":"product-type-simple"},"_links":{"self":[{"href":"https:\/\/oescadao.com.br\/index.php\/wp-json\/wp\/v2\/product\/5907","targetHints":{"allow":["GET"]}}],"collection":[{"href":"https:\/\/oescadao.com.br\/index.php\/wp-json\/wp\/v2\/product"}],"about":[{"href":"https:\/\/oescadao.com.br\/index.php\/wp-json\/wp\/v2\/types\/product"}],"replies":[{"embeddable":true,"href":"https:\/\/oescadao.com.br\/index.php\/wp-json\/wp\/v2\/comments?post=5907"}],"version-history":[{"count":5,"href":"https:\/\/oescadao.com.br\/index.php\/wp-json\/wp\/v2\/product\/5907\/revisions"}],"predecessor-version":[{"id":19468,"href":"https:\/\/oescadao.com.br\/index.php\/wp-json\/wp\/v2\/product\/5907\/revisions\/19468"}],"wp:featuredmedia":[{"embeddable":true,"href":"https:\/\/oescadao.com.br\/index.php\/wp-json\/wp\/v2\/media\/14314"}],"wp:attachment":[{"href":"https:\/\/oescadao.com.br\/index.php\/wp-json\/wp\/v2\/media?parent=5907"}],"wp:term":[{"taxonomy":"product_brand","embeddable":true,"href":"https:\/\/oescadao.com.br\/index.php\/wp-json\/wp\/v2\/product_brand?post=5907"},{"taxonomy":"product_cat","embeddable":true,"href":"https:\/\/oescadao.com.br\/index.php\/wp-json\/wp\/v2\/product_cat?post=5907"},{"taxonomy":"product_tag","embeddable":true,"href":"https:\/\/oescadao.com.br\/index.php\/wp-json\/wp\/v2\/product_tag?post=5907"}],"curies":[{"name":"wp","href":"https:\/\/api.w.org\/{rel}","templated":true}]}}