{"id":5883,"date":"2024-10-28T10:15:55","date_gmt":"2024-10-28T13:15:55","guid":{"rendered":"https:\/\/oescadao.com.br\/?post_type=product&#038;p=5883"},"modified":"2025-11-18T21:00:40","modified_gmt":"2025-11-19T00:00:40","slug":"serra-marmore-4-1-2-115mm-1-100w","status":"publish","type":"product","link":"https:\/\/oescadao.com.br\/index.php\/produto\/serra-marmore-4-1-2-115mm-1-100w\/","title":{"rendered":"SERRA MARM BLACK DECKER BD115 1100W 220V"},"content":{"rendered":"<div class=\"coh-container description-container-wrapper gsap-fadein-section coh-style-product-description\">\n<div class=\"coh-container description-container\">\n<div class=\"coh-inline-element description\">Cl\u00e1ssico da BLACK+DECKER, potente Serra M\u00e1rmore. Ferramenta muito segura para cortes em todo tipo de pedras, cer\u00e2micas, granitos, azulejos e muitos outros materiais.<\/div>\n<\/div>\n<\/div>\n<div id=\"additional-product-features\" class=\"coh-container gsap-fadein-section coh-style-product-features-benefits\">\n<h2 class=\"coh-heading title coh-style-h1---default\">Caracter\u00edsticas Adicionais<\/h2>\n<div class=\"outer-additional-features-item\">\n<ul class=\"additional-feature-ul\">\n<li class=\"additional-feature-list-li\">Ajuste r\u00e1pido de profundidade<\/li>\n<li class=\"additional-feature-list-li\">F\u00e1cil acesso \u00e0 escova de carv\u00e3o<\/li>\n<li class=\"additional-feature-list-li\">Melhor desempenho de corte da categoria<\/li>\n<li class=\"additional-feature-list-li\">Gatilho selado contra p\u00f3<\/li>\n<\/ul>\n<\/div>\n<\/div>\n<div class=\"coh-container gsap-fadein-section coh-style-product-includes-section\">\n<h2 class=\"coh-heading title coh-style-h1---default\">Inclui<\/h2>\n<ul class=\"coh-list-container coh-unordered-list\">\n<li class=\"coh-list-item\">(1) Serra M\u00e1rmore<\/li>\n<li class=\"coh-list-item\">(1) Chave de Aperto<\/li>\n<\/ul>\n<\/div>\n","protected":false},"excerpt":{"rendered":"<p>Cl\u00e1ssico da BLACK+DECKER, potente Serra M\u00e1rmore. Ferramenta muito segura para cortes em todo tipo de pedras, cer\u00e2micas, granitos, azulejos e<\/p>\n","protected":false},"featured_media":14303,"comment_status":"open","ping_status":"closed","template":"","meta":[],"product_brand":[],"product_cat":[220],"product_tag":[601,600,599],"class_list":{"0":"post-5883","1":"product","2":"type-product","3":"status-publish","4":"has-post-thumbnail","6":"product_cat-ferramentas","7":"product_tag-marmore","8":"product_tag-serra","9":"product_tag-serra-marmore","11":"first","12":"instock","13":"shipping-taxable","14":"purchasable","15":"product-type-simple"},"_links":{"self":[{"href":"https:\/\/oescadao.com.br\/index.php\/wp-json\/wp\/v2\/product\/5883","targetHints":{"allow":["GET"]}}],"collection":[{"href":"https:\/\/oescadao.com.br\/index.php\/wp-json\/wp\/v2\/product"}],"about":[{"href":"https:\/\/oescadao.com.br\/index.php\/wp-json\/wp\/v2\/types\/product"}],"replies":[{"embeddable":true,"href":"https:\/\/oescadao.com.br\/index.php\/wp-json\/wp\/v2\/comments?post=5883"}],"version-history":[{"count":3,"href":"https:\/\/oescadao.com.br\/index.php\/wp-json\/wp\/v2\/product\/5883\/revisions"}],"predecessor-version":[{"id":16898,"href":"https:\/\/oescadao.com.br\/index.php\/wp-json\/wp\/v2\/product\/5883\/revisions\/16898"}],"wp:featuredmedia":[{"embeddable":true,"href":"https:\/\/oescadao.com.br\/index.php\/wp-json\/wp\/v2\/media\/14303"}],"wp:attachment":[{"href":"https:\/\/oescadao.com.br\/index.php\/wp-json\/wp\/v2\/media?parent=5883"}],"wp:term":[{"taxonomy":"product_brand","embeddable":true,"href":"https:\/\/oescadao.com.br\/index.php\/wp-json\/wp\/v2\/product_brand?post=5883"},{"taxonomy":"product_cat","embeddable":true,"href":"https:\/\/oescadao.com.br\/index.php\/wp-json\/wp\/v2\/product_cat?post=5883"},{"taxonomy":"product_tag","embeddable":true,"href":"https:\/\/oescadao.com.br\/index.php\/wp-json\/wp\/v2\/product_tag?post=5883"}],"curies":[{"name":"wp","href":"https:\/\/api.w.org\/{rel}","templated":true}]}}