{"id":5879,"date":"2024-10-28T10:00:47","date_gmt":"2024-10-28T13:00:47","guid":{"rendered":"https:\/\/oescadao.com.br\/?post_type=product&#038;p=5879"},"modified":"2025-11-18T15:01:43","modified_gmt":"2025-11-18T18:01:43","slug":"chuveiro-eletrico-duo-shower-quadra-turbo-multitemperaturas-6800w-lorenzetti","status":"publish","type":"product","link":"https:\/\/oescadao.com.br\/index.php\/produto\/chuveiro-eletrico-duo-shower-quadra-turbo-multitemperaturas-6800w-lorenzetti\/","title":{"rendered":"DUCHA LORENZ DUO SHOWER QUAD TURBO MULT 6800W"},"content":{"rendered":"<p>Ducha e chuveiro em um s\u00f3 produto.<\/p>\n<p>Uma op\u00e7\u00e3o exclusiva, inteligente e eficaz.<\/p>\n<p><strong>Um banho de design e tecnologia.\u00a0<\/strong>Mistura de linhas flu\u00eddas com espalhador ultra-fino e de alta tecnologia fazem da Duo Shower um banho \u00fanico e inesquec\u00edvel.<\/p>\n<p><strong>Chuveiro<\/strong>\u00a0com &#8220;grande espalhador&#8221;, que significa \u00e1gua para todo o corpo, ou a\u00a0<strong>ducha<\/strong>\u00a0com o jato concentrado, direcion\u00e1vel e mais forte, para aquele banho relaxante.<\/p>\n<p>N\u00e3o deixe de experimentar esta nova sensa\u00e7\u00e3o no banho.<\/p>\n","protected":false},"excerpt":{"rendered":"<p>Ducha e chuveiro em um s\u00f3 produto. Uma op\u00e7\u00e3o exclusiva, inteligente e eficaz. Um banho de design e tecnologia.\u00a0Mistura de<\/p>\n","protected":false},"featured_media":0,"comment_status":"open","ping_status":"closed","template":"","meta":[],"product_brand":[],"product_cat":[228,563],"product_tag":[586,569,564,565,573,590,593,594],"class_list":{"0":"post-5879","1":"product","2":"type-product","3":"status-publish","5":"product_cat-banheiro","6":"product_cat-chuveiro","7":"product_tag-agua","8":"product_tag-banho","9":"product_tag-chuveiro","10":"product_tag-ducha","11":"product_tag-lorenzetti","12":"product_tag-multitemperaturas","13":"product_tag-quadra","14":"product_tag-turbo","16":"first","17":"instock","18":"shipping-taxable","19":"purchasable","20":"product-type-simple"},"_links":{"self":[{"href":"https:\/\/oescadao.com.br\/index.php\/wp-json\/wp\/v2\/product\/5879","targetHints":{"allow":["GET"]}}],"collection":[{"href":"https:\/\/oescadao.com.br\/index.php\/wp-json\/wp\/v2\/product"}],"about":[{"href":"https:\/\/oescadao.com.br\/index.php\/wp-json\/wp\/v2\/types\/product"}],"replies":[{"embeddable":true,"href":"https:\/\/oescadao.com.br\/index.php\/wp-json\/wp\/v2\/comments?post=5879"}],"version-history":[{"count":1,"href":"https:\/\/oescadao.com.br\/index.php\/wp-json\/wp\/v2\/product\/5879\/revisions"}],"predecessor-version":[{"id":6982,"href":"https:\/\/oescadao.com.br\/index.php\/wp-json\/wp\/v2\/product\/5879\/revisions\/6982"}],"wp:attachment":[{"href":"https:\/\/oescadao.com.br\/index.php\/wp-json\/wp\/v2\/media?parent=5879"}],"wp:term":[{"taxonomy":"product_brand","embeddable":true,"href":"https:\/\/oescadao.com.br\/index.php\/wp-json\/wp\/v2\/product_brand?post=5879"},{"taxonomy":"product_cat","embeddable":true,"href":"https:\/\/oescadao.com.br\/index.php\/wp-json\/wp\/v2\/product_cat?post=5879"},{"taxonomy":"product_tag","embeddable":true,"href":"https:\/\/oescadao.com.br\/index.php\/wp-json\/wp\/v2\/product_tag?post=5879"}],"curies":[{"name":"wp","href":"https:\/\/api.w.org\/{rel}","templated":true}]}}