{"id":5878,"date":"2024-10-28T09:59:08","date_gmt":"2024-10-28T12:59:08","guid":{"rendered":"https:\/\/oescadao.com.br\/?post_type=product&#038;p=5878"},"modified":"2025-11-18T15:01:41","modified_gmt":"2025-11-18T18:01:41","slug":"chuveiro-eletrico-bello-branco-ultra-maxx-4600w-lorenzetti","status":"publish","type":"product","link":"https:\/\/oescadao.com.br\/index.php\/produto\/chuveiro-eletrico-bello-branco-ultra-maxx-4600w-lorenzetti\/","title":{"rendered":"DUCHA LORENZ BELLO BRANC ULTRA MAXX 4600W"},"content":{"rendered":"<p>O chuveiro Loren Bello agora vem com a nova resist\u00eancia Loren Ultra. A tecnologia Loren Ultra revoluciona o conceito de durabilidade e desempenho em compara\u00e7\u00e3o as resist\u00eancias comuns.<\/p>\n<p><strong>3 Temperaturas<\/strong><br \/>\nAquecimento e economia na medida certa.<\/p>\n<p><strong>Grande Espalhador<\/strong><br \/>\nMais conforto no seu banho.<\/p>\n<p><strong>Acompanha exclusivo cano Lorenzetti<\/strong><\/p>\n","protected":false},"excerpt":{"rendered":"<p>O chuveiro Loren Bello agora vem com a nova resist\u00eancia Loren Ultra. A tecnologia Loren Ultra revoluciona o conceito de<\/p>\n","protected":false},"featured_media":0,"comment_status":"open","ping_status":"closed","template":"","meta":[],"product_brand":[],"product_cat":[228,563],"product_tag":[586,569,591,585,564,565,573],"class_list":{"0":"post-5878","1":"product","2":"type-product","3":"status-publish","5":"product_cat-banheiro","6":"product_cat-chuveiro","7":"product_tag-agua","8":"product_tag-banho","9":"product_tag-bello","10":"product_tag-branco","11":"product_tag-chuveiro","12":"product_tag-ducha","13":"product_tag-lorenzetti","15":"first","16":"instock","17":"shipping-taxable","18":"purchasable","19":"product-type-simple"},"_links":{"self":[{"href":"https:\/\/oescadao.com.br\/index.php\/wp-json\/wp\/v2\/product\/5878","targetHints":{"allow":["GET"]}}],"collection":[{"href":"https:\/\/oescadao.com.br\/index.php\/wp-json\/wp\/v2\/product"}],"about":[{"href":"https:\/\/oescadao.com.br\/index.php\/wp-json\/wp\/v2\/types\/product"}],"replies":[{"embeddable":true,"href":"https:\/\/oescadao.com.br\/index.php\/wp-json\/wp\/v2\/comments?post=5878"}],"version-history":[{"count":1,"href":"https:\/\/oescadao.com.br\/index.php\/wp-json\/wp\/v2\/product\/5878\/revisions"}],"predecessor-version":[{"id":6365,"href":"https:\/\/oescadao.com.br\/index.php\/wp-json\/wp\/v2\/product\/5878\/revisions\/6365"}],"wp:attachment":[{"href":"https:\/\/oescadao.com.br\/index.php\/wp-json\/wp\/v2\/media?parent=5878"}],"wp:term":[{"taxonomy":"product_brand","embeddable":true,"href":"https:\/\/oescadao.com.br\/index.php\/wp-json\/wp\/v2\/product_brand?post=5878"},{"taxonomy":"product_cat","embeddable":true,"href":"https:\/\/oescadao.com.br\/index.php\/wp-json\/wp\/v2\/product_cat?post=5878"},{"taxonomy":"product_tag","embeddable":true,"href":"https:\/\/oescadao.com.br\/index.php\/wp-json\/wp\/v2\/product_tag?post=5878"}],"curies":[{"name":"wp","href":"https:\/\/api.w.org\/{rel}","templated":true}]}}