{"id":5877,"date":"2024-10-28T09:57:36","date_gmt":"2024-10-28T12:57:36","guid":{"rendered":"https:\/\/oescadao.com.br\/?post_type=product&#038;p=5877"},"modified":"2026-04-01T18:01:59","modified_gmt":"2026-04-01T21:01:59","slug":"chuveiro-eletrico-bello-bege-4600w-lorenzetti","status":"publish","type":"product","link":"https:\/\/oescadao.com.br\/index.php\/produto\/chuveiro-eletrico-bello-bege-4600w-lorenzetti\/","title":{"rendered":"DUCHA LORENZ BELLO BEGE 4600W A VISTA"},"content":{"rendered":"<p>O chuveiro Loren Bello agora vem com a nova resist\u00eancia Loren Ultra. A tecnologia Loren Ultra revoluciona o conceito de durabilidade e desempenho em compara\u00e7\u00e3o as resist\u00eancias comuns.<\/p>\n<p>&nbsp;<\/p>\n<p><strong>3 Temperaturas<\/strong><br \/>\nAquecimento e economia na medida certa.<\/p>\n<p><strong>Grande Espalhador<\/strong><br \/>\nMais conforto no seu banho.<\/p>\n<p><strong>Acompanha exclusivo cano Lorenzetti<\/strong><\/p>\n","protected":false},"excerpt":{"rendered":"<p>O chuveiro Loren Bello agora vem com a nova resist\u00eancia Loren Ultra. A tecnologia Loren Ultra revoluciona o conceito de<\/p>\n","protected":false},"featured_media":0,"comment_status":"open","ping_status":"closed","template":"","meta":[],"product_brand":[],"product_cat":[228,563],"product_tag":[586,569,592,591,565],"class_list":{"0":"post-5877","1":"product","2":"type-product","3":"status-publish","5":"product_cat-banheiro","6":"product_cat-chuveiro","7":"product_tag-agua","8":"product_tag-banho","9":"product_tag-bege","10":"product_tag-bello","11":"product_tag-ducha","13":"first","14":"instock","15":"shipping-taxable","16":"purchasable","17":"product-type-simple"},"_links":{"self":[{"href":"https:\/\/oescadao.com.br\/index.php\/wp-json\/wp\/v2\/product\/5877","targetHints":{"allow":["GET"]}}],"collection":[{"href":"https:\/\/oescadao.com.br\/index.php\/wp-json\/wp\/v2\/product"}],"about":[{"href":"https:\/\/oescadao.com.br\/index.php\/wp-json\/wp\/v2\/types\/product"}],"replies":[{"embeddable":true,"href":"https:\/\/oescadao.com.br\/index.php\/wp-json\/wp\/v2\/comments?post=5877"}],"version-history":[{"count":1,"href":"https:\/\/oescadao.com.br\/index.php\/wp-json\/wp\/v2\/product\/5877\/revisions"}],"predecessor-version":[{"id":6196,"href":"https:\/\/oescadao.com.br\/index.php\/wp-json\/wp\/v2\/product\/5877\/revisions\/6196"}],"wp:attachment":[{"href":"https:\/\/oescadao.com.br\/index.php\/wp-json\/wp\/v2\/media?parent=5877"}],"wp:term":[{"taxonomy":"product_brand","embeddable":true,"href":"https:\/\/oescadao.com.br\/index.php\/wp-json\/wp\/v2\/product_brand?post=5877"},{"taxonomy":"product_cat","embeddable":true,"href":"https:\/\/oescadao.com.br\/index.php\/wp-json\/wp\/v2\/product_cat?post=5877"},{"taxonomy":"product_tag","embeddable":true,"href":"https:\/\/oescadao.com.br\/index.php\/wp-json\/wp\/v2\/product_tag?post=5877"}],"curies":[{"name":"wp","href":"https:\/\/api.w.org\/{rel}","templated":true}]}}