{"id":5875,"date":"2024-10-28T09:53:35","date_gmt":"2024-10-28T12:53:35","guid":{"rendered":"https:\/\/oescadao.com.br\/?post_type=product&#038;p=5875"},"modified":"2026-03-26T12:02:11","modified_gmt":"2026-03-26T15:02:11","slug":"chuveiro-eletrico-advanced-7500w-lorenzetti","status":"publish","type":"product","link":"https:\/\/oescadao.com.br\/index.php\/produto\/chuveiro-eletrico-advanced-7500w-lorenzetti\/","title":{"rendered":"DUCHA LORENZ ADVANC ELETRON 7500W"},"content":{"rendered":"<p>A Ducha Advanced, conhecida por milh\u00f5es de brasileiros, agora em sua vers\u00e3o Eletr\u00f4nica!<\/p>\n<p>Sendo a \u00faltima palavra em conforto e praticidade na hora do banho, a Ducha Advanced Eletr\u00f4nica \u00e9 ideal para todos os dias do ano. Atrav\u00e9s de seu controle eletr\u00f4nico de temperaturas, permite a sele\u00e7\u00e3o gradual e precisa, simples como ajustar o volume do seu r\u00e1dio.<\/p>\n<p>Al\u00e9m de seu design inovador, possui um grande espalhador que proporciona excelente volume de \u00e1gua para o banho. Para completar a comodidade, a mudan\u00e7a de temperaturas est\u00e1 ao alcance das m\u00e3os, atrav\u00e9s de sua exclusiva haste prolongadora.<\/p>\n<p>A tecnologia de ponta da Ducha Advanced est\u00e1 em todos os detalhes, desde o design sem fia\u00e7\u00e3o aparente, com cano incorporado, resist\u00eancia tipo refil, que facilita sua troca.<\/p>\n<p>A ducha \u00e9 compat\u00edvel com aquecedores solares, ampliando assim a sua utiliza\u00e7\u00e3o<\/p>\n","protected":false},"excerpt":{"rendered":"<p>A Ducha Advanced, conhecida por milh\u00f5es de brasileiros, agora em sua vers\u00e3o Eletr\u00f4nica! Sendo a \u00faltima palavra em conforto e<\/p>\n","protected":false},"featured_media":0,"comment_status":"open","ping_status":"closed","template":"","meta":[],"product_brand":[],"product_cat":[228,563],"product_tag":[588,587,569,565],"class_list":{"0":"post-5875","1":"product","2":"type-product","3":"status-publish","5":"product_cat-banheiro","6":"product_cat-chuveiro","7":"product_tag-7500w","8":"product_tag-advanced","9":"product_tag-banho","10":"product_tag-ducha","12":"first","13":"instock","14":"shipping-taxable","15":"purchasable","16":"product-type-simple"},"_links":{"self":[{"href":"https:\/\/oescadao.com.br\/index.php\/wp-json\/wp\/v2\/product\/5875","targetHints":{"allow":["GET"]}}],"collection":[{"href":"https:\/\/oescadao.com.br\/index.php\/wp-json\/wp\/v2\/product"}],"about":[{"href":"https:\/\/oescadao.com.br\/index.php\/wp-json\/wp\/v2\/types\/product"}],"replies":[{"embeddable":true,"href":"https:\/\/oescadao.com.br\/index.php\/wp-json\/wp\/v2\/comments?post=5875"}],"version-history":[{"count":1,"href":"https:\/\/oescadao.com.br\/index.php\/wp-json\/wp\/v2\/product\/5875\/revisions"}],"predecessor-version":[{"id":6981,"href":"https:\/\/oescadao.com.br\/index.php\/wp-json\/wp\/v2\/product\/5875\/revisions\/6981"}],"wp:attachment":[{"href":"https:\/\/oescadao.com.br\/index.php\/wp-json\/wp\/v2\/media?parent=5875"}],"wp:term":[{"taxonomy":"product_brand","embeddable":true,"href":"https:\/\/oescadao.com.br\/index.php\/wp-json\/wp\/v2\/product_brand?post=5875"},{"taxonomy":"product_cat","embeddable":true,"href":"https:\/\/oescadao.com.br\/index.php\/wp-json\/wp\/v2\/product_cat?post=5875"},{"taxonomy":"product_tag","embeddable":true,"href":"https:\/\/oescadao.com.br\/index.php\/wp-json\/wp\/v2\/product_tag?post=5875"}],"curies":[{"name":"wp","href":"https:\/\/api.w.org\/{rel}","templated":true}]}}