{"id":5874,"date":"2024-10-28T09:52:05","date_gmt":"2024-10-28T12:52:05","guid":{"rendered":"https:\/\/oescadao.com.br\/?post_type=product&#038;p=5874"},"modified":"2026-02-23T12:02:07","modified_gmt":"2026-02-23T15:02:07","slug":"chuveiro-eletrico-acqua-star-ultra-preto-cromado-6800w-lorenzetti","status":"publish","type":"product","link":"https:\/\/oescadao.com.br\/index.php\/produto\/chuveiro-eletrico-acqua-star-ultra-preto-cromado-6800w-lorenzetti\/","title":{"rendered":"DUCHA LORENZ ACQUA STAR ULTRA PR\/CR BLACK ELETR 6800W"},"content":{"rendered":"<p>Acompanhando as tend\u00eancias mundiais de arquitetura e design, a linha Acqua Ultra apresenta acabamento moderno e inovador com linhas quadradas, design compacto, ultrafino, \u201cSimilar ao design de duchas Frias\u201d.<\/p>\n<p>A Linha Acqua Ultra conta com a exclusiva Resist\u00eancia Loren Ultra, a primeira resist\u00eancia plana do mercado. Trata-se de um desenvolvimento com mais de cinco anos de estudos, que garante alta performance e longa dura\u00e7\u00e3o.<\/p>\n<p>A ducha\u00a0<strong>Acqua Star Ultra<\/strong>\u00a0traz a op\u00e7\u00e3o de um jato mais concentrado e direcion\u00e1vel.<\/p>\n","protected":false},"excerpt":{"rendered":"<p>Acompanhando as tend\u00eancias mundiais de arquitetura e design, a linha Acqua Ultra apresenta acabamento moderno e inovador com linhas quadradas,<\/p>\n","protected":false},"featured_media":0,"comment_status":"open","ping_status":"closed","template":"","meta":[],"product_brand":[],"product_cat":[228,563],"product_tag":[574,582,586,569,564,581,565,573,580],"class_list":{"0":"post-5874","1":"product","2":"type-product","3":"status-publish","5":"product_cat-banheiro","6":"product_cat-chuveiro","7":"product_tag-acqua","8":"product_tag-acqua-star","9":"product_tag-agua","10":"product_tag-banho","11":"product_tag-chuveiro","12":"product_tag-cromado","13":"product_tag-ducha","14":"product_tag-lorenzetti","15":"product_tag-preto","17":"first","18":"instock","19":"shipping-taxable","20":"purchasable","21":"product-type-simple"},"_links":{"self":[{"href":"https:\/\/oescadao.com.br\/index.php\/wp-json\/wp\/v2\/product\/5874","targetHints":{"allow":["GET"]}}],"collection":[{"href":"https:\/\/oescadao.com.br\/index.php\/wp-json\/wp\/v2\/product"}],"about":[{"href":"https:\/\/oescadao.com.br\/index.php\/wp-json\/wp\/v2\/types\/product"}],"replies":[{"embeddable":true,"href":"https:\/\/oescadao.com.br\/index.php\/wp-json\/wp\/v2\/comments?post=5874"}],"version-history":[{"count":1,"href":"https:\/\/oescadao.com.br\/index.php\/wp-json\/wp\/v2\/product\/5874\/revisions"}],"predecessor-version":[{"id":8445,"href":"https:\/\/oescadao.com.br\/index.php\/wp-json\/wp\/v2\/product\/5874\/revisions\/8445"}],"wp:attachment":[{"href":"https:\/\/oescadao.com.br\/index.php\/wp-json\/wp\/v2\/media?parent=5874"}],"wp:term":[{"taxonomy":"product_brand","embeddable":true,"href":"https:\/\/oescadao.com.br\/index.php\/wp-json\/wp\/v2\/product_brand?post=5874"},{"taxonomy":"product_cat","embeddable":true,"href":"https:\/\/oescadao.com.br\/index.php\/wp-json\/wp\/v2\/product_cat?post=5874"},{"taxonomy":"product_tag","embeddable":true,"href":"https:\/\/oescadao.com.br\/index.php\/wp-json\/wp\/v2\/product_tag?post=5874"}],"curies":[{"name":"wp","href":"https:\/\/api.w.org\/{rel}","templated":true}]}}