{"id":5872,"date":"2024-10-28T09:50:23","date_gmt":"2024-10-28T12:50:23","guid":{"rendered":"https:\/\/oescadao.com.br\/?post_type=product&#038;p=5872"},"modified":"2026-02-23T12:02:04","modified_gmt":"2026-02-23T15:02:04","slug":"chuveiro-eletrico-acqua-duo-preto-cromado-6800w-lorenzetti","status":"publish","type":"product","link":"https:\/\/oescadao.com.br\/index.php\/produto\/chuveiro-eletrico-acqua-duo-preto-cromado-6800w-lorenzetti\/","title":{"rendered":"DUCHA LORENZ ACQUA DUO PT\/CR BLACK ULTR 6800W ELETR"},"content":{"rendered":"<div>E para dar continuidade ao grande sucesso da Linha Acqua Ultra, a Lorenzetti surpreende mais uma vez com um produto sofisticado que possui acabamento moderno com linhas quadradas, design compacto, \u201cSimilar ao design de duchas Frias\u201d e que integra\u00a0<strong>ducha e chuveiro em um \u00fanico produto.\u00a0<\/strong><\/div>\n<div><\/div>\n<div>Na op\u00e7\u00e3o de banho com ducha, o jato \u00e9 direcion\u00e1vel e concentrado, inclinando-se na dire\u00e7\u00e3o desejada, enquanto o chuveiro proporciona um jato mais espa\u00e7ado, por meio de um espalhador de grande propor\u00e7\u00e3o.<\/div>\n<div><\/div>\n<div>A Linha Acqua Ultra conta com a exclusiva Resist\u00eancia Loren Ultra, a primeira resist\u00eancia plana do mercado. Trata-se de um desenvolvimento com mais de cinco anos de estudos, que garante alta performance e longa dura\u00e7\u00e3o.<\/div>\n","protected":false},"excerpt":{"rendered":"<p>E para dar continuidade ao grande sucesso da Linha Acqua Ultra, a Lorenzetti surpreende mais uma vez com um produto<\/p>\n","protected":false},"featured_media":0,"comment_status":"open","ping_status":"closed","template":"","meta":[],"product_brand":[],"product_cat":[228,563],"product_tag":[568,569,564,581,565,573,580],"class_list":{"0":"post-5872","1":"product","2":"type-product","3":"status-publish","5":"product_cat-banheiro","6":"product_cat-chuveiro","7":"product_tag-6800w","8":"product_tag-banho","9":"product_tag-chuveiro","10":"product_tag-cromado","11":"product_tag-ducha","12":"product_tag-lorenzetti","13":"product_tag-preto","15":"first","16":"instock","17":"shipping-taxable","18":"purchasable","19":"product-type-simple"},"_links":{"self":[{"href":"https:\/\/oescadao.com.br\/index.php\/wp-json\/wp\/v2\/product\/5872","targetHints":{"allow":["GET"]}}],"collection":[{"href":"https:\/\/oescadao.com.br\/index.php\/wp-json\/wp\/v2\/product"}],"about":[{"href":"https:\/\/oescadao.com.br\/index.php\/wp-json\/wp\/v2\/types\/product"}],"replies":[{"embeddable":true,"href":"https:\/\/oescadao.com.br\/index.php\/wp-json\/wp\/v2\/comments?post=5872"}],"version-history":[{"count":1,"href":"https:\/\/oescadao.com.br\/index.php\/wp-json\/wp\/v2\/product\/5872\/revisions"}],"predecessor-version":[{"id":6980,"href":"https:\/\/oescadao.com.br\/index.php\/wp-json\/wp\/v2\/product\/5872\/revisions\/6980"}],"wp:attachment":[{"href":"https:\/\/oescadao.com.br\/index.php\/wp-json\/wp\/v2\/media?parent=5872"}],"wp:term":[{"taxonomy":"product_brand","embeddable":true,"href":"https:\/\/oescadao.com.br\/index.php\/wp-json\/wp\/v2\/product_brand?post=5872"},{"taxonomy":"product_cat","embeddable":true,"href":"https:\/\/oescadao.com.br\/index.php\/wp-json\/wp\/v2\/product_cat?post=5872"},{"taxonomy":"product_tag","embeddable":true,"href":"https:\/\/oescadao.com.br\/index.php\/wp-json\/wp\/v2\/product_tag?post=5872"}],"curies":[{"name":"wp","href":"https:\/\/api.w.org\/{rel}","templated":true}]}}