{"id":5848,"date":"2024-10-28T09:12:47","date_gmt":"2024-10-28T12:12:47","guid":{"rendered":"https:\/\/oescadao.com.br\/?post_type=product&#038;p=5848"},"modified":"2026-02-21T15:02:00","modified_gmt":"2026-02-21T18:02:00","slug":"chuveiro-eletrico-faminho-4324-4t-4400w-fame","status":"publish","type":"product","link":"https:\/\/oescadao.com.br\/index.php\/produto\/chuveiro-eletrico-faminho-4324-4t-4400w-fame\/","title":{"rendered":"DUCHA FAME 4462\/4324 FAMINHO  4T C\/CANO 4400W"},"content":{"rendered":"<p>A Ducha FAMINHO 4T foi desenvolvida com tecnologia de ponta para atender \u00e0s mais altas exig\u00eancias do mercado. Sua tecnologia construtiva e seu design diferenciado traduz o que \u00e9 DNA FAME: pioneirismo na fabrica\u00e7\u00e3o de produtos de qualidade.<\/p>\n<p>&nbsp;<\/p>\n<p><strong>&#8211; 4 Temperaturas.<\/strong><\/p>\n<p><strong>&#8211; Maior volume de \u00e1gua na categoria.<\/strong><\/p>\n<p><strong>&#8211; Resist\u00eancia com exclusivo sistema de encaixe<\/strong><\/p>\n<p><strong>&#8211; Acompanha\u00a0Chuveirinho Manual Quick, de r\u00e1pido acionamento,\u00a0e j\u00e1 vem com Suporte.<\/strong><\/p>\n<p><strong>&#8211; Seletor de temperaturas com exclusiva isola\u00e7\u00e3o:\u00a0<\/strong>Maior seguran\u00e7a.<\/p>\n<p><strong>&#8211; Cano FAME:\u00a0<\/strong>30cm de comprimento com rosca padr\u00e3o de \u00bd tipo g\u00e1s.<\/p>\n<p><strong>&#8211; Ducha Faminho 4T\u00a0com Cano, um produto completo em instala\u00e7\u00e3o e qualidade.<\/strong><\/p>\n","protected":false},"excerpt":{"rendered":"<p>A Ducha FAMINHO 4T foi desenvolvida com tecnologia de ponta para atender \u00e0s mais altas exig\u00eancias do mercado. Sua tecnologia<\/p>\n","protected":false},"featured_media":0,"comment_status":"open","ping_status":"closed","template":"","meta":[],"product_brand":[],"product_cat":[228,563],"product_tag":[570,572,571,569,565,566],"class_list":{"0":"post-5848","1":"product","2":"type-product","3":"status-publish","5":"product_cat-banheiro","6":"product_cat-chuveiro","7":"product_tag-4-temperaturas","8":"product_tag-572","9":"product_tag-4400w","10":"product_tag-banho","11":"product_tag-ducha","12":"product_tag-fame","14":"first","15":"instock","16":"shipping-taxable","17":"purchasable","18":"product-type-simple"},"_links":{"self":[{"href":"https:\/\/oescadao.com.br\/index.php\/wp-json\/wp\/v2\/product\/5848","targetHints":{"allow":["GET"]}}],"collection":[{"href":"https:\/\/oescadao.com.br\/index.php\/wp-json\/wp\/v2\/product"}],"about":[{"href":"https:\/\/oescadao.com.br\/index.php\/wp-json\/wp\/v2\/types\/product"}],"replies":[{"embeddable":true,"href":"https:\/\/oescadao.com.br\/index.php\/wp-json\/wp\/v2\/comments?post=5848"}],"version-history":[{"count":3,"href":"https:\/\/oescadao.com.br\/index.php\/wp-json\/wp\/v2\/product\/5848\/revisions"}],"predecessor-version":[{"id":20114,"href":"https:\/\/oescadao.com.br\/index.php\/wp-json\/wp\/v2\/product\/5848\/revisions\/20114"}],"wp:attachment":[{"href":"https:\/\/oescadao.com.br\/index.php\/wp-json\/wp\/v2\/media?parent=5848"}],"wp:term":[{"taxonomy":"product_brand","embeddable":true,"href":"https:\/\/oescadao.com.br\/index.php\/wp-json\/wp\/v2\/product_brand?post=5848"},{"taxonomy":"product_cat","embeddable":true,"href":"https:\/\/oescadao.com.br\/index.php\/wp-json\/wp\/v2\/product_cat?post=5848"},{"taxonomy":"product_tag","embeddable":true,"href":"https:\/\/oescadao.com.br\/index.php\/wp-json\/wp\/v2\/product_tag?post=5848"}],"curies":[{"name":"wp","href":"https:\/\/api.w.org\/{rel}","templated":true}]}}