{"id":5787,"date":"2024-10-17T10:54:10","date_gmt":"2024-10-17T13:54:10","guid":{"rendered":"https:\/\/oescadao.com.br\/?post_type=product&#038;p=5787"},"modified":"2025-11-18T18:01:33","modified_gmt":"2025-11-18T21:01:33","slug":"luminaria-aramada-com-detalhe-em-madeira-5233f-1-america-light-light","status":"publish","type":"product","link":"https:\/\/oescadao.com.br\/index.php\/produto\/luminaria-aramada-com-detalhe-em-madeira-5233f-1-america-light-light\/","title":{"rendered":"LUM AMER LIGHT PEND ARAM DET MAD 5233F\/1"},"content":{"rendered":"<p>Lumin\u00e1ria Pendente Aramado Detalhe em Madeira<\/p>\n<p>A Lumin\u00e1ria Pendente Aramado Detalhe em Madeira veio para dar aquele aspecto diferente no ambiente. Simples, mas chama a aten\u00e7\u00e3o no primeiro olhar. Com suporte para 1 l\u00e2mpada E-27 a lumin\u00e1ria acompanha a L\u00e2mpada Retr\u00f4 no Formato P\u00eara que est\u00e1 super em alta devido ao seu Design na pegada industrial. Pode ser pendurado at\u00e9 1M (ajust\u00e1vel) do teto.<\/p>\n<p>Seu diferencial:<br \/>\n* Acompanha L\u00e2mpada Led 7w 2700K ( Branco-quente).<br \/>\n* Leveza Visual* Pegada Industrial<br \/>\n* F\u00e1cil Limpeza<\/p>\n","protected":false},"excerpt":{"rendered":"<p>Lumin\u00e1ria Pendente Aramado Detalhe em Madeira A Lumin\u00e1ria Pendente Aramado Detalhe em Madeira veio para dar aquele aspecto diferente no<\/p>\n","protected":false},"featured_media":0,"comment_status":"open","ping_status":"closed","template":"","meta":[],"product_brand":[],"product_cat":[218,235],"product_tag":[559,546,557,545,544,554,558,543],"class_list":{"0":"post-5787","1":"product","2":"type-product","3":"status-publish","5":"product_cat-iluminacao","6":"product_cat-luminarias","7":"product_tag-america-light","8":"product_tag-casa","9":"product_tag-detalhe-madeira","10":"product_tag-luminaria","11":"product_tag-lustre","12":"product_tag-luz","13":"product_tag-madeira","14":"product_tag-pendente","16":"first","17":"instock","18":"shipping-taxable","19":"purchasable","20":"product-type-simple"},"_links":{"self":[{"href":"https:\/\/oescadao.com.br\/index.php\/wp-json\/wp\/v2\/product\/5787","targetHints":{"allow":["GET"]}}],"collection":[{"href":"https:\/\/oescadao.com.br\/index.php\/wp-json\/wp\/v2\/product"}],"about":[{"href":"https:\/\/oescadao.com.br\/index.php\/wp-json\/wp\/v2\/types\/product"}],"replies":[{"embeddable":true,"href":"https:\/\/oescadao.com.br\/index.php\/wp-json\/wp\/v2\/comments?post=5787"}],"version-history":[{"count":1,"href":"https:\/\/oescadao.com.br\/index.php\/wp-json\/wp\/v2\/product\/5787\/revisions"}],"predecessor-version":[{"id":6976,"href":"https:\/\/oescadao.com.br\/index.php\/wp-json\/wp\/v2\/product\/5787\/revisions\/6976"}],"wp:attachment":[{"href":"https:\/\/oescadao.com.br\/index.php\/wp-json\/wp\/v2\/media?parent=5787"}],"wp:term":[{"taxonomy":"product_brand","embeddable":true,"href":"https:\/\/oescadao.com.br\/index.php\/wp-json\/wp\/v2\/product_brand?post=5787"},{"taxonomy":"product_cat","embeddable":true,"href":"https:\/\/oescadao.com.br\/index.php\/wp-json\/wp\/v2\/product_cat?post=5787"},{"taxonomy":"product_tag","embeddable":true,"href":"https:\/\/oescadao.com.br\/index.php\/wp-json\/wp\/v2\/product_tag?post=5787"}],"curies":[{"name":"wp","href":"https:\/\/api.w.org\/{rel}","templated":true}]}}