{"id":5782,"date":"2024-10-17T10:44:09","date_gmt":"2024-10-17T13:44:09","guid":{"rendered":"https:\/\/oescadao.com.br\/?post_type=product&#038;p=5782"},"modified":"2025-11-18T18:01:39","modified_gmt":"2025-11-18T21:01:39","slug":"luminaria-vidro-retro-preto-6622-1-america-light","status":"publish","type":"product","link":"https:\/\/oescadao.com.br\/index.php\/produto\/luminaria-vidro-retro-preto-6622-1-america-light\/","title":{"rendered":"LUM AMER LIGHT PEND VIDRO RETRO PT 6622\/1"},"content":{"rendered":"<div id=\"productDescription_feature_div\" class=\"celwidget\" data-feature-name=\"productDescription\" data-csa-c-type=\"widget\" data-csa-c-content-id=\"productDescription\" data-csa-c-slot-id=\"productDescription_feature_div\" data-csa-c-asin=\"\" data-csa-c-is-in-initial-active-row=\"false\" data-csa-c-id=\"pnvs86-vugegn-3bmbt8-nveaw3\" data-cel-widget=\"productDescription_feature_div\">\n<div>\n<div id=\"productDescription_feature_div\" class=\"a-row feature\" data-feature-name=\"productDescription\" data-template-name=\"productDescription\" data-cel-widget=\"productDescription_feature_div\">\n<div id=\"productDescription\" class=\"a-section a-spacing-small\">\n<p>O Pendente Design Retr\u00f4 \u00e9 bivolt, possu\u00ed estrutura de Alum\u00ednio com suporte para 1 l\u00e2mpada E-27. O Pendente \u00e9 sustentado por uma corrente que permite ser pendurado at\u00e9 50 cm do teto, em uma combina\u00e7\u00e3o perfeita entre um design marcante e sofistica\u00e7\u00e3o cl\u00e1ssica. Possui in\u00fameras vantagens como: Leveza, Sofistica\u00e7\u00e3o, Design exclusivo. Para maior vida \u00fatil, melhor desempenho \u00e9 recomendado utilizar l\u00e2mpada LED* Este produto n\u00e3o acompanha l\u00e2mpada.<\/p>\n<\/div>\n<\/div>\n<\/div>\n<\/div>\n<div id=\"aplusBrandStory_feature_div\" class=\"celwidget\" data-feature-name=\"aplusBrandStory\" data-csa-c-type=\"widget\" data-csa-c-content-id=\"aplusBrandStory\" data-csa-c-slot-id=\"aplusBrandStory_feature_div\" data-csa-c-asin=\"\" data-csa-c-is-in-initial-active-row=\"false\" data-csa-c-id=\"ylncgs-f141rg-ox1n16-eouvk9\" data-cel-widget=\"aplusBrandStory_feature_div\"><\/div>\n<div id=\"HLCXComparisonWidget_Secondary_wdgs-4-T2\" class=\"celwidget\" data-feature-name=\"HLCXComparisonWidget_Secondary_wdgs-4-T2\" data-csa-c-type=\"widget\" data-csa-c-content-id=\"HLCXComparisonWidget_Secondary_wdgs-4-T2\" data-csa-c-slot-id=\"HLCXComparisonWidget_Secondary_wdgs-4-T2\" data-csa-c-asin=\"\" data-csa-c-is-in-initial-active-row=\"false\" data-csa-c-id=\"ncjwy7-4bl5pd-2aog2i-i4d1mc\" data-cel-widget=\"HLCXComparisonWidget_Secondary_wdgs-4-T2\">\n<div id=\"product-comparison_feature_div\" class=\"celwidget\" data-feature-name=\"product-comparison\" data-csa-c-type=\"widget\" data-csa-c-content-id=\"product-comparison\" data-csa-c-slot-id=\"product-comparison_feature_div\" data-csa-c-asin=\"\" data-csa-c-is-in-initial-active-row=\"false\" data-csa-c-id=\"4qv3ci-tc194l-id50ty-ly26dm\" data-cel-widget=\"product-comparison_feature_div\"><\/div>\n<\/div>\n<div id=\"importantInformation_feature_div\" class=\"celwidget\" data-feature-name=\"importantInformation\" data-csa-c-type=\"widget\" data-csa-c-content-id=\"importantInformation\" data-csa-c-slot-id=\"importantInformation_feature_div\" data-csa-c-asin=\"\" data-csa-c-is-in-initial-active-row=\"false\" data-csa-c-id=\"nrohpu-lnmkyz-rwchdr-elgoce\" data-cel-widget=\"importantInformation_feature_div\"><\/div>\n<div id=\"similarities_feature_div\" class=\"celwidget\" data-feature-name=\"similarities\" data-csa-c-type=\"widget\" data-csa-c-content-id=\"similarities\" data-csa-c-slot-id=\"similarities_feature_div\" data-csa-c-asin=\"\" data-csa-c-is-in-initial-active-row=\"false\" data-csa-c-id=\"xx1idv-hjgwt8-kj8a3j-kn32bn\" data-cel-widget=\"similarities_feature_div\"><\/div>\n<div id=\"sponsoredProducts2_feature_div\" class=\"celwidget\" data-feature-name=\"sponsoredProducts2\" data-csa-c-type=\"widget\" data-csa-c-content-id=\"sponsoredProducts2\" data-csa-c-slot-id=\"sponsoredProducts2_feature_div\" data-csa-c-asin=\"\" data-csa-c-is-in-initial-active-row=\"false\" data-csa-c-id=\"w97ppl-8cxjcv-an97jb-g3vg1w\" data-cel-widget=\"sponsoredProducts2_feature_div\"><\/div>\n<div id=\"sims-themis-sponsored-products-2_feature_div\" class=\"celwidget\" data-feature-name=\"sims-themis-sponsored-products-2\" data-csa-c-type=\"widget\" data-csa-c-content-id=\"sims-themis-sponsored-products-2\" data-csa-c-slot-id=\"sims-themis-sponsored-products-2_feature_div\" data-csa-c-asin=\"\" data-csa-c-is-in-initial-active-row=\"false\" data-csa-c-id=\"nqj4b9-f29t1q-8dwohn-zg9b9u\" data-cel-widget=\"sims-themis-sponsored-products-2_feature_div\"><\/div>\n<div id=\"dp-ads-center-promo_feature_div\" class=\"celwidget\" data-feature-name=\"dp-ads-center-promo\" data-csa-c-type=\"widget\" data-csa-c-content-id=\"dp-ads-center-promo\" data-csa-c-slot-id=\"dp-ads-center-promo_feature_div\" data-csa-c-asin=\"\" data-csa-c-is-in-initial-active-row=\"false\" data-csa-c-id=\"jx6tv7-5ejve1-slur8m-usi88k\" data-cel-widget=\"dp-ads-center-promo_feature_div\"><\/div>\n","protected":false},"excerpt":{"rendered":"<p>O Pendente Design Retr\u00f4 \u00e9 bivolt, possu\u00ed estrutura de Alum\u00ednio com suporte para 1 l\u00e2mpada E-27. O Pendente \u00e9 sustentado<\/p>\n","protected":false},"featured_media":0,"comment_status":"open","ping_status":"closed","template":"","meta":[],"product_brand":[],"product_cat":[218,235],"product_tag":[559,546,561,545,544,554,543,562],"class_list":{"0":"post-5782","1":"product","2":"type-product","3":"status-publish","5":"product_cat-iluminacao","6":"product_cat-luminarias","7":"product_tag-america-light","8":"product_tag-casa","9":"product_tag-decoracao","10":"product_tag-luminaria","11":"product_tag-lustre","12":"product_tag-luz","13":"product_tag-pendente","14":"product_tag-retro","16":"first","17":"instock","18":"shipping-taxable","19":"purchasable","20":"product-type-simple"},"_links":{"self":[{"href":"https:\/\/oescadao.com.br\/index.php\/wp-json\/wp\/v2\/product\/5782","targetHints":{"allow":["GET"]}}],"collection":[{"href":"https:\/\/oescadao.com.br\/index.php\/wp-json\/wp\/v2\/product"}],"about":[{"href":"https:\/\/oescadao.com.br\/index.php\/wp-json\/wp\/v2\/types\/product"}],"replies":[{"embeddable":true,"href":"https:\/\/oescadao.com.br\/index.php\/wp-json\/wp\/v2\/comments?post=5782"}],"version-history":[{"count":1,"href":"https:\/\/oescadao.com.br\/index.php\/wp-json\/wp\/v2\/product\/5782\/revisions"}],"predecessor-version":[{"id":20270,"href":"https:\/\/oescadao.com.br\/index.php\/wp-json\/wp\/v2\/product\/5782\/revisions\/20270"}],"wp:attachment":[{"href":"https:\/\/oescadao.com.br\/index.php\/wp-json\/wp\/v2\/media?parent=5782"}],"wp:term":[{"taxonomy":"product_brand","embeddable":true,"href":"https:\/\/oescadao.com.br\/index.php\/wp-json\/wp\/v2\/product_brand?post=5782"},{"taxonomy":"product_cat","embeddable":true,"href":"https:\/\/oescadao.com.br\/index.php\/wp-json\/wp\/v2\/product_cat?post=5782"},{"taxonomy":"product_tag","embeddable":true,"href":"https:\/\/oescadao.com.br\/index.php\/wp-json\/wp\/v2\/product_tag?post=5782"}],"curies":[{"name":"wp","href":"https:\/\/api.w.org\/{rel}","templated":true}]}}