{"id":5779,"date":"2024-10-17T10:15:33","date_gmt":"2024-10-17T13:15:33","guid":{"rendered":"https:\/\/oescadao.com.br\/?post_type=product&#038;p=5779"},"modified":"2025-11-18T18:01:37","modified_gmt":"2025-11-18T21:01:37","slug":"luminaria-pendente-de-vidro-retro-ambar-1914-1a-america-light","status":"publish","type":"product","link":"https:\/\/oescadao.com.br\/index.php\/produto\/luminaria-pendente-de-vidro-retro-ambar-1914-1a-america-light\/","title":{"rendered":"LUM AMER LIGHT PEND VIDRO RETRO AMBAR 1914\/1A"},"content":{"rendered":"<p>O Pendente Vidro Retr\u00f4 D-18,5 cm \u00e9 bivolt, possu\u00ed estrutura de vidro com suporte para 1 l\u00e2mpada E-27.<br \/>\nO Pendente \u00e9 sustentado por um cabo que permite ser pendurado at\u00e9 50 cm do teto, em uma combina\u00e7\u00e3o perfeita entre um design marcante e sofistica\u00e7\u00e3o cl\u00e1ssica.<br \/>\nPossui in\u00fameras vantagens como:<br \/>\nLeveza<br \/>\nSofistica\u00e7\u00e3o<br \/>\nDesign exclusivo<br \/>\n* Para maior vida \u00fatil, melhor desempenho \u00e9 recomendado utilizar l\u00e2mpada led;<br \/>\n* Este produto n\u00e3o acompanha l\u00e2mpada.<\/p>\n","protected":false},"excerpt":{"rendered":"<p>O Pendente Vidro Retr\u00f4 D-18,5 cm \u00e9 bivolt, possu\u00ed estrutura de vidro com suporte para 1 l\u00e2mpada E-27. O Pendente<\/p>\n","protected":false},"featured_media":0,"comment_status":"open","ping_status":"closed","template":"","meta":[],"product_brand":[],"product_cat":[218,235],"product_tag":[559,546,561,545,544,554,543],"class_list":{"0":"post-5779","1":"product","2":"type-product","3":"status-publish","5":"product_cat-iluminacao","6":"product_cat-luminarias","7":"product_tag-america-light","8":"product_tag-casa","9":"product_tag-decoracao","10":"product_tag-luminaria","11":"product_tag-lustre","12":"product_tag-luz","13":"product_tag-pendente","15":"first","16":"instock","17":"shipping-taxable","18":"purchasable","19":"product-type-simple"},"_links":{"self":[{"href":"https:\/\/oescadao.com.br\/index.php\/wp-json\/wp\/v2\/product\/5779","targetHints":{"allow":["GET"]}}],"collection":[{"href":"https:\/\/oescadao.com.br\/index.php\/wp-json\/wp\/v2\/product"}],"about":[{"href":"https:\/\/oescadao.com.br\/index.php\/wp-json\/wp\/v2\/types\/product"}],"replies":[{"embeddable":true,"href":"https:\/\/oescadao.com.br\/index.php\/wp-json\/wp\/v2\/comments?post=5779"}],"version-history":[{"count":1,"href":"https:\/\/oescadao.com.br\/index.php\/wp-json\/wp\/v2\/product\/5779\/revisions"}],"predecessor-version":[{"id":20269,"href":"https:\/\/oescadao.com.br\/index.php\/wp-json\/wp\/v2\/product\/5779\/revisions\/20269"}],"wp:attachment":[{"href":"https:\/\/oescadao.com.br\/index.php\/wp-json\/wp\/v2\/media?parent=5779"}],"wp:term":[{"taxonomy":"product_brand","embeddable":true,"href":"https:\/\/oescadao.com.br\/index.php\/wp-json\/wp\/v2\/product_brand?post=5779"},{"taxonomy":"product_cat","embeddable":true,"href":"https:\/\/oescadao.com.br\/index.php\/wp-json\/wp\/v2\/product_cat?post=5779"},{"taxonomy":"product_tag","embeddable":true,"href":"https:\/\/oescadao.com.br\/index.php\/wp-json\/wp\/v2\/product_tag?post=5779"}],"curies":[{"name":"wp","href":"https:\/\/api.w.org\/{rel}","templated":true}]}}