{"id":5773,"date":"2024-10-17T10:06:39","date_gmt":"2024-10-17T13:06:39","guid":{"rendered":"https:\/\/oescadao.com.br\/?post_type=product&#038;p=5773"},"modified":"2025-11-18T18:01:42","modified_gmt":"2025-11-18T21:01:42","slug":"luminaria-baronesa-preto-brilhante-3-bracos-avant","status":"publish","type":"product","link":"https:\/\/oescadao.com.br\/index.php\/produto\/luminaria-baronesa-preto-brilhante-3-bracos-avant\/","title":{"rendered":"LUM AVANT LUSTR BARONESA VD PT BRIL 3XE14 CROMO"},"content":{"rendered":"<div class=\"elementor-element elementor-element-d991abc wd-single-content elementor-widget elementor-widget-wd_single_product_content\" data-id=\"d991abc\" data-element_type=\"widget\" data-widget_type=\"wd_single_product_content.default\">\n<div class=\"elementor-widget-container\">\n<p>O lustre Baronesa remete a nobreza europeia em que lembramos das emblem\u00e1ticas catedrais, bas\u00edlicas e castelos. Seus ornamentos oferecem charme e personalidade, evidenciando ainda mais seu estilo cl\u00e1ssico e ao mesmo tempo moderno, destacado pelas suas formas curvas e delicadeza dos vidros.<\/p>\n<\/div>\n<\/div>\n<div class=\"elementor-element elementor-element-0203e6b wd-title-style-overline wd-single-tabs wd-width-100 tabs-layout-all-open elementor-widget elementor-widget-wd_single_product_tabs\" data-id=\"0203e6b\" data-element_type=\"widget\" data-widget_type=\"wd_single_product_tabs.default\">\n<div class=\"elementor-widget-container\">\n<div class=\"wd-tab-wrapper\">Cor: Preto Brilhante<\/div>\n<\/div>\n<\/div>\n","protected":false},"excerpt":{"rendered":"<p>O lustre Baronesa remete a nobreza europeia em que lembramos das emblem\u00e1ticas catedrais, bas\u00edlicas e castelos. Seus ornamentos oferecem charme<\/p>\n","protected":false},"featured_media":0,"comment_status":"open","ping_status":"closed","template":"","meta":[],"product_brand":[],"product_cat":[218,235],"product_tag":[535,555,546,556,545,544,554,543],"class_list":{"0":"post-5773","1":"product","2":"type-product","3":"status-publish","5":"product_cat-iluminacao","6":"product_cat-luminarias","7":"product_tag-avant","8":"product_tag-baronesa","9":"product_tag-casa","10":"product_tag-igreja","11":"product_tag-luminaria","12":"product_tag-lustre","13":"product_tag-luz","14":"product_tag-pendente","16":"first","17":"instock","18":"shipping-taxable","19":"purchasable","20":"product-type-simple"},"_links":{"self":[{"href":"https:\/\/oescadao.com.br\/index.php\/wp-json\/wp\/v2\/product\/5773","targetHints":{"allow":["GET"]}}],"collection":[{"href":"https:\/\/oescadao.com.br\/index.php\/wp-json\/wp\/v2\/product"}],"about":[{"href":"https:\/\/oescadao.com.br\/index.php\/wp-json\/wp\/v2\/types\/product"}],"replies":[{"embeddable":true,"href":"https:\/\/oescadao.com.br\/index.php\/wp-json\/wp\/v2\/comments?post=5773"}],"version-history":[{"count":1,"href":"https:\/\/oescadao.com.br\/index.php\/wp-json\/wp\/v2\/product\/5773\/revisions"}],"predecessor-version":[{"id":20272,"href":"https:\/\/oescadao.com.br\/index.php\/wp-json\/wp\/v2\/product\/5773\/revisions\/20272"}],"wp:attachment":[{"href":"https:\/\/oescadao.com.br\/index.php\/wp-json\/wp\/v2\/media?parent=5773"}],"wp:term":[{"taxonomy":"product_brand","embeddable":true,"href":"https:\/\/oescadao.com.br\/index.php\/wp-json\/wp\/v2\/product_brand?post=5773"},{"taxonomy":"product_cat","embeddable":true,"href":"https:\/\/oescadao.com.br\/index.php\/wp-json\/wp\/v2\/product_cat?post=5773"},{"taxonomy":"product_tag","embeddable":true,"href":"https:\/\/oescadao.com.br\/index.php\/wp-json\/wp\/v2\/product_tag?post=5773"}],"curies":[{"name":"wp","href":"https:\/\/api.w.org\/{rel}","templated":true}]}}