{"id":5772,"date":"2024-10-17T10:05:53","date_gmt":"2024-10-17T13:05:53","guid":{"rendered":"https:\/\/oescadao.com.br\/?post_type=product&#038;p=5772"},"modified":"2025-11-18T18:01:43","modified_gmt":"2025-11-18T21:01:43","slug":"luminaria-baronesa-transparente-3-bracos-avant","status":"publish","type":"product","link":"https:\/\/oescadao.com.br\/index.php\/produto\/luminaria-baronesa-transparente-3-bracos-avant\/","title":{"rendered":"LUM AVANT LUSTR BARONESA VD TRANSP 3XE14 CROMO"},"content":{"rendered":"<p>O lustre Baronesa remete a nobreza europeia em que lembramos das emblem\u00e1ticas catedrais, bas\u00edlicas e castelos. Seus ornamentos oferecem charme e personalidade, evidenciando ainda mais seu estilo cl\u00e1ssico e ao mesmo tempo moderno, destacado pelas suas formas curvas e delicadeza dos vidros.<\/p>\n<p>Cor: Transparente<\/p>\n","protected":false},"excerpt":{"rendered":"<p>O lustre Baronesa remete a nobreza europeia em que lembramos das emblem\u00e1ticas catedrais, bas\u00edlicas e castelos. Seus ornamentos oferecem charme<\/p>\n","protected":false},"featured_media":0,"comment_status":"open","ping_status":"closed","template":"","meta":[],"product_brand":[],"product_cat":[218,235],"product_tag":[535,552,546,545,544,554,543,553],"class_list":{"0":"post-5772","1":"product","2":"type-product","3":"status-publish","5":"product_cat-iluminacao","6":"product_cat-luminarias","7":"product_tag-avant","8":"product_tag-braco","9":"product_tag-casa","10":"product_tag-luminaria","11":"product_tag-lustre","12":"product_tag-luz","13":"product_tag-pendente","14":"product_tag-transparente","16":"first","17":"instock","18":"shipping-taxable","19":"purchasable","20":"product-type-simple"},"_links":{"self":[{"href":"https:\/\/oescadao.com.br\/index.php\/wp-json\/wp\/v2\/product\/5772","targetHints":{"allow":["GET"]}}],"collection":[{"href":"https:\/\/oescadao.com.br\/index.php\/wp-json\/wp\/v2\/product"}],"about":[{"href":"https:\/\/oescadao.com.br\/index.php\/wp-json\/wp\/v2\/types\/product"}],"replies":[{"embeddable":true,"href":"https:\/\/oescadao.com.br\/index.php\/wp-json\/wp\/v2\/comments?post=5772"}],"version-history":[{"count":1,"href":"https:\/\/oescadao.com.br\/index.php\/wp-json\/wp\/v2\/product\/5772\/revisions"}],"predecessor-version":[{"id":20273,"href":"https:\/\/oescadao.com.br\/index.php\/wp-json\/wp\/v2\/product\/5772\/revisions\/20273"}],"wp:attachment":[{"href":"https:\/\/oescadao.com.br\/index.php\/wp-json\/wp\/v2\/media?parent=5772"}],"wp:term":[{"taxonomy":"product_brand","embeddable":true,"href":"https:\/\/oescadao.com.br\/index.php\/wp-json\/wp\/v2\/product_brand?post=5772"},{"taxonomy":"product_cat","embeddable":true,"href":"https:\/\/oescadao.com.br\/index.php\/wp-json\/wp\/v2\/product_cat?post=5772"},{"taxonomy":"product_tag","embeddable":true,"href":"https:\/\/oescadao.com.br\/index.php\/wp-json\/wp\/v2\/product_tag?post=5772"}],"curies":[{"name":"wp","href":"https:\/\/api.w.org\/{rel}","templated":true}]}}