{"id":5771,"date":"2024-10-17T10:05:00","date_gmt":"2024-10-17T13:05:00","guid":{"rendered":"https:\/\/oescadao.com.br\/?post_type=product&#038;p=5771"},"modified":"2025-12-27T15:01:16","modified_gmt":"2025-12-27T18:01:16","slug":"luminaria-baronesa-champanhe-3-bracos-avant","status":"publish","type":"product","link":"https:\/\/oescadao.com.br\/index.php\/produto\/luminaria-baronesa-champanhe-3-bracos-avant\/","title":{"rendered":"LUM AVANT LUSTR BARONESA VD CHAMP 3XE14 CROMO"},"content":{"rendered":"<p>O lustre Baronesa remete a nobreza europeia em que lembramos das emblem\u00e1ticas catedrais, bas\u00edlicas e castelos. Seus ornamentos oferecem charme e personalidade, evidenciando ainda mais seu estilo cl\u00e1ssico e ao mesmo tempo moderno, destacado pelas suas formas curvas e delicadeza dos vidros.<\/p>\n","protected":false},"excerpt":{"rendered":"<p>O lustre Baronesa remete a nobreza europeia em que lembramos das emblem\u00e1ticas catedrais, bas\u00edlicas e castelos. Seus ornamentos oferecem charme<\/p>\n","protected":false},"featured_media":0,"comment_status":"open","ping_status":"closed","template":"","meta":[],"product_brand":[],"product_cat":[218,235],"product_tag":[535,552,550,551,545,544,543],"class_list":{"0":"post-5771","1":"product","2":"type-product","3":"status-publish","5":"product_cat-iluminacao","6":"product_cat-luminarias","7":"product_tag-avant","8":"product_tag-braco","9":"product_tag-champanhe","10":"product_tag-dourado","11":"product_tag-luminaria","12":"product_tag-lustre","13":"product_tag-pendente","15":"first","16":"instock","17":"shipping-taxable","18":"purchasable","19":"product-type-simple"},"_links":{"self":[{"href":"https:\/\/oescadao.com.br\/index.php\/wp-json\/wp\/v2\/product\/5771","targetHints":{"allow":["GET"]}}],"collection":[{"href":"https:\/\/oescadao.com.br\/index.php\/wp-json\/wp\/v2\/product"}],"about":[{"href":"https:\/\/oescadao.com.br\/index.php\/wp-json\/wp\/v2\/types\/product"}],"replies":[{"embeddable":true,"href":"https:\/\/oescadao.com.br\/index.php\/wp-json\/wp\/v2\/comments?post=5771"}],"version-history":[{"count":1,"href":"https:\/\/oescadao.com.br\/index.php\/wp-json\/wp\/v2\/product\/5771\/revisions"}],"predecessor-version":[{"id":20271,"href":"https:\/\/oescadao.com.br\/index.php\/wp-json\/wp\/v2\/product\/5771\/revisions\/20271"}],"wp:attachment":[{"href":"https:\/\/oescadao.com.br\/index.php\/wp-json\/wp\/v2\/media?parent=5771"}],"wp:term":[{"taxonomy":"product_brand","embeddable":true,"href":"https:\/\/oescadao.com.br\/index.php\/wp-json\/wp\/v2\/product_brand?post=5771"},{"taxonomy":"product_cat","embeddable":true,"href":"https:\/\/oescadao.com.br\/index.php\/wp-json\/wp\/v2\/product_cat?post=5771"},{"taxonomy":"product_tag","embeddable":true,"href":"https:\/\/oescadao.com.br\/index.php\/wp-json\/wp\/v2\/product_tag?post=5771"}],"curies":[{"name":"wp","href":"https:\/\/api.w.org\/{rel}","templated":true}]}}