{"id":5736,"date":"2024-10-02T09:24:11","date_gmt":"2024-10-02T12:24:11","guid":{"rendered":"https:\/\/oescadao.com.br\/?post_type=product&#038;p=5736"},"modified":"2026-04-04T15:02:14","modified_gmt":"2026-04-04T18:02:14","slug":"lampada-de-led-40w-t80-e27-nitrolux","status":"publish","type":"product","link":"https:\/\/oescadao.com.br\/index.php\/produto\/lampada-de-led-40w-t80-e27-nitrolux\/","title":{"rendered":"LAMP LED NITROLUX 40W T80 E27"},"content":{"rendered":"<p>As l\u00e2mpadas NITROLUX s\u00e3o ideais para ilumina\u00e7\u00e3o interna. Podendo substituir modelos de l\u00e2mpada incandescente com gama de aplicabilidade diversa. S\u00e3o \u00f3timas para serem utilizadas em resid\u00eancias ou ambiente comercial. Pois possuem uma ilumina\u00e7\u00e3o mais voltada para um ambiente que exija concentra\u00e7\u00e3o ou desenvolvimento de tarefas, como hot\u00e9is, cozinhas, com\u00e9rcios farm\u00e1cias e hospitais. Luz branca.<\/p>\n","protected":false},"excerpt":{"rendered":"<p>As l\u00e2mpadas NITROLUX s\u00e3o ideais para ilumina\u00e7\u00e3o interna. Podendo substituir modelos de l\u00e2mpada incandescente com gama de aplicabilidade diversa. S\u00e3o<\/p>\n","protected":false},"featured_media":0,"comment_status":"open","ping_status":"closed","template":"","meta":[],"product_brand":[],"product_cat":[218,516],"product_tag":[537,530,517,519,518,521],"class_list":{"0":"post-5736","1":"product","2":"type-product","3":"status-publish","5":"product_cat-iluminacao","6":"product_cat-lampadas","7":"product_tag-40w","8":"product_tag-bulbo","9":"product_tag-lampada","10":"product_tag-lampada-de-led","11":"product_tag-led","12":"product_tag-nitrolux","14":"first","15":"instock","16":"shipping-taxable","17":"purchasable","18":"product-type-simple"},"_links":{"self":[{"href":"https:\/\/oescadao.com.br\/index.php\/wp-json\/wp\/v2\/product\/5736","targetHints":{"allow":["GET"]}}],"collection":[{"href":"https:\/\/oescadao.com.br\/index.php\/wp-json\/wp\/v2\/product"}],"about":[{"href":"https:\/\/oescadao.com.br\/index.php\/wp-json\/wp\/v2\/types\/product"}],"replies":[{"embeddable":true,"href":"https:\/\/oescadao.com.br\/index.php\/wp-json\/wp\/v2\/comments?post=5736"}],"version-history":[{"count":1,"href":"https:\/\/oescadao.com.br\/index.php\/wp-json\/wp\/v2\/product\/5736\/revisions"}],"predecessor-version":[{"id":5846,"href":"https:\/\/oescadao.com.br\/index.php\/wp-json\/wp\/v2\/product\/5736\/revisions\/5846"}],"wp:attachment":[{"href":"https:\/\/oescadao.com.br\/index.php\/wp-json\/wp\/v2\/media?parent=5736"}],"wp:term":[{"taxonomy":"product_brand","embeddable":true,"href":"https:\/\/oescadao.com.br\/index.php\/wp-json\/wp\/v2\/product_brand?post=5736"},{"taxonomy":"product_cat","embeddable":true,"href":"https:\/\/oescadao.com.br\/index.php\/wp-json\/wp\/v2\/product_cat?post=5736"},{"taxonomy":"product_tag","embeddable":true,"href":"https:\/\/oescadao.com.br\/index.php\/wp-json\/wp\/v2\/product_tag?post=5736"}],"curies":[{"name":"wp","href":"https:\/\/api.w.org\/{rel}","templated":true}]}}