{"id":5729,"date":"2024-10-01T12:23:20","date_gmt":"2024-10-01T15:23:20","guid":{"rendered":"https:\/\/oescadao.com.br\/?post_type=product&#038;p=5729"},"modified":"2025-11-18T21:00:47","modified_gmt":"2025-11-19T00:00:47","slug":"spot-authentic-quadrado","status":"publish","type":"product","link":"https:\/\/oescadao.com.br\/index.php\/produto\/spot-authentic-quadrado\/","title":{"rendered":"Spot de Led Quadrado 3W Branco Frio 6500K Avant"},"content":{"rendered":"<ul class=\"a-unordered-list a-vertical a-spacing-mini\">\n<li class=\"a-spacing-mini\"><span class=\"a-list-item\">A LUMIN\u00c1RIA SPOT COB SUPIMPA \u00e9 indicada para ilumina\u00e7\u00e3o de destaque de objetos ou texturas em ambientes internos, em usos comerciais ou residenciais. Possui sistema direcion\u00e1vel para melhor ajuste do seu projeto.<\/span><\/li>\n<li class=\"a-spacing-mini\"><span class=\"a-list-item\">Possui emiss\u00e3o de luz focal , 6500K branca com instala\u00e7\u00e3o do tipo embutida em forro de gesso.<\/span><\/li>\n<li class=\"a-spacing-mini\"><span class=\"a-list-item\">Corpo em polipropileno. Lente em policarbonato., pot\u00eancia 3W Luz Branca 6500k<\/span><\/li>\n<\/ul>\n","protected":false},"excerpt":{"rendered":"<p>A LUMIN\u00c1RIA SPOT COB SUPIMPA \u00e9 indicada para ilumina\u00e7\u00e3o de destaque de objetos ou texturas em ambientes internos, em usos<\/p>\n","protected":false},"featured_media":0,"comment_status":"open","ping_status":"closed","template":"","meta":[],"product_brand":[],"product_cat":[218,524],"product_tag":[534,535,518,533,536],"class_list":{"0":"post-5729","1":"product","2":"type-product","3":"status-publish","5":"product_cat-iluminacao","6":"product_cat-spot","7":"product_tag-3w","8":"product_tag-avant","9":"product_tag-led","10":"product_tag-spot","11":"product_tag-supimpa","13":"first","14":"outofstock","15":"shipping-taxable","16":"purchasable","17":"product-type-simple"},"_links":{"self":[{"href":"https:\/\/oescadao.com.br\/index.php\/wp-json\/wp\/v2\/product\/5729","targetHints":{"allow":["GET"]}}],"collection":[{"href":"https:\/\/oescadao.com.br\/index.php\/wp-json\/wp\/v2\/product"}],"about":[{"href":"https:\/\/oescadao.com.br\/index.php\/wp-json\/wp\/v2\/types\/product"}],"replies":[{"embeddable":true,"href":"https:\/\/oescadao.com.br\/index.php\/wp-json\/wp\/v2\/comments?post=5729"}],"version-history":[{"count":1,"href":"https:\/\/oescadao.com.br\/index.php\/wp-json\/wp\/v2\/product\/5729\/revisions"}],"predecessor-version":[{"id":5735,"href":"https:\/\/oescadao.com.br\/index.php\/wp-json\/wp\/v2\/product\/5729\/revisions\/5735"}],"wp:attachment":[{"href":"https:\/\/oescadao.com.br\/index.php\/wp-json\/wp\/v2\/media?parent=5729"}],"wp:term":[{"taxonomy":"product_brand","embeddable":true,"href":"https:\/\/oescadao.com.br\/index.php\/wp-json\/wp\/v2\/product_brand?post=5729"},{"taxonomy":"product_cat","embeddable":true,"href":"https:\/\/oescadao.com.br\/index.php\/wp-json\/wp\/v2\/product_cat?post=5729"},{"taxonomy":"product_tag","embeddable":true,"href":"https:\/\/oescadao.com.br\/index.php\/wp-json\/wp\/v2\/product_tag?post=5729"}],"curies":[{"name":"wp","href":"https:\/\/api.w.org\/{rel}","templated":true}]}}