{"id":5721,"date":"2024-09-30T11:32:05","date_gmt":"2024-09-30T14:32:05","guid":{"rendered":"https:\/\/oescadao.com.br\/?post_type=product&#038;p=5721"},"modified":"2026-04-04T12:02:16","modified_gmt":"2026-04-04T15:02:16","slug":"lampada-de-led-15w-a60-e27-6500k-nitrolux","status":"publish","type":"product","link":"https:\/\/oescadao.com.br\/index.php\/produto\/lampada-de-led-15w-a60-e27-6500k-nitrolux\/","title":{"rendered":"L\u00e2mpada de Led 15W A60 E27 6500K Nitrolux"},"content":{"rendered":"<p>As l\u00e2mpadas NITROLUX s\u00e3o ideais para ilumina\u00e7\u00e3o interna. Podendo substituir modelos de l\u00e2mpada incandescente com gama de aplicabilidade diversa. S\u00e3o \u00f3timas para serem utilizadas em resid\u00eancias ou ambiente comercial. Pois possuem uma ilumina\u00e7\u00e3o mais voltada para um ambiente que exija concentra\u00e7\u00e3o ou desenvolvimento de tarefas, como hot\u00e9is, cozinhas, com\u00e9rcios farm\u00e1cias e hospitais. Adquira a L\u00e2mpada LED NITROLUX e transforme seus ambientes com uma ilumina\u00e7\u00e3o eficiente e focada. Garanta conforto visual e economia de energia em seus espa\u00e7os.<\/p>\n<p>&nbsp;<\/p>\n<p>Especifica\u00e7\u00f5es:<\/p>\n<p>&#8211; Pot\u00eancia: 15W<\/p>\n<p>&#8211; Base: E27<\/p>\n<p>&#8211; Temperatura de cor: 6500K<\/p>\n<p>&#8211; Tens\u00e3o: 100-240V (bivolt)<\/p>\n<p>&#8211; Vida \u00fatil: 25.000h<\/p>\n<div class=\"product-measures\">\n<div class=\"measure\"><i class=\"icon icon-width\"><\/i><span class=\"text\">Largura: <\/span><span class=\"value\">9.00 cm<\/span><\/div>\n<div class=\"measure\"><i class=\"icon icon-height\"><\/i><span class=\"text\">Altura: <\/span><span class=\"value\">4.00 cm<\/span><\/div>\n<div class=\"measure\"><i class=\"icon icon-depth\"><\/i><span class=\"text\">Comprimento: <\/span><span class=\"value\">8.00 cm<\/span><\/div>\n<div class=\"measure\"><i class=\"icon icon-weight\"><\/i><span class=\"text\">Peso: 45<\/span><span class=\"value\">g<\/span><\/div>\n<\/div>\n","protected":false},"excerpt":{"rendered":"<p>As l\u00e2mpadas NITROLUX s\u00e3o ideais para ilumina\u00e7\u00e3o interna. Podendo substituir modelos de l\u00e2mpada incandescente com gama de aplicabilidade diversa. S\u00e3o<\/p>\n","protected":false},"featured_media":0,"comment_status":"open","ping_status":"closed","template":"","meta":[],"product_brand":[],"product_cat":[218,516],"product_tag":[520,523,522,517,519,518,521],"class_list":{"0":"post-5721","1":"product","2":"type-product","3":"status-publish","5":"product_cat-iluminacao","6":"product_cat-lampadas","7":"product_tag-15w","8":"product_tag-6500k","9":"product_tag-e27","10":"product_tag-lampada","11":"product_tag-lampada-de-led","12":"product_tag-led","13":"product_tag-nitrolux","15":"first","16":"instock","17":"shipping-taxable","18":"purchasable","19":"product-type-simple"},"_links":{"self":[{"href":"https:\/\/oescadao.com.br\/index.php\/wp-json\/wp\/v2\/product\/5721","targetHints":{"allow":["GET"]}}],"collection":[{"href":"https:\/\/oescadao.com.br\/index.php\/wp-json\/wp\/v2\/product"}],"about":[{"href":"https:\/\/oescadao.com.br\/index.php\/wp-json\/wp\/v2\/types\/product"}],"replies":[{"embeddable":true,"href":"https:\/\/oescadao.com.br\/index.php\/wp-json\/wp\/v2\/comments?post=5721"}],"version-history":[{"count":1,"href":"https:\/\/oescadao.com.br\/index.php\/wp-json\/wp\/v2\/product\/5721\/revisions"}],"predecessor-version":[{"id":5723,"href":"https:\/\/oescadao.com.br\/index.php\/wp-json\/wp\/v2\/product\/5721\/revisions\/5723"}],"wp:attachment":[{"href":"https:\/\/oescadao.com.br\/index.php\/wp-json\/wp\/v2\/media?parent=5721"}],"wp:term":[{"taxonomy":"product_brand","embeddable":true,"href":"https:\/\/oescadao.com.br\/index.php\/wp-json\/wp\/v2\/product_brand?post=5721"},{"taxonomy":"product_cat","embeddable":true,"href":"https:\/\/oescadao.com.br\/index.php\/wp-json\/wp\/v2\/product_cat?post=5721"},{"taxonomy":"product_tag","embeddable":true,"href":"https:\/\/oescadao.com.br\/index.php\/wp-json\/wp\/v2\/product_tag?post=5721"}],"curies":[{"name":"wp","href":"https:\/\/api.w.org\/{rel}","templated":true}]}}