{"id":5720,"date":"2024-09-30T11:30:04","date_gmt":"2024-09-30T14:30:04","guid":{"rendered":"https:\/\/oescadao.com.br\/?post_type=product&#038;p=5720"},"modified":"2026-02-16T12:02:24","modified_gmt":"2026-02-16T15:02:24","slug":"lampada-de-led-20w-t60-e27-nitrolux","status":"publish","type":"product","link":"https:\/\/oescadao.com.br\/index.php\/produto\/lampada-de-led-20w-t60-e27-nitrolux\/","title":{"rendered":"LAMP LED NITROLUX 20W T60 E27"},"content":{"rendered":"<div class=\"sc-vmpi57-0 faQCKW\">\n<div id=\"descriptionContent\" class=\"content\">\n<p class=\"description\">A l\u00e2mpada Nitrolux T70 20W 6500K Bulbo \u00e9 uma op\u00e7\u00e3o de ilumina\u00e7\u00e3o de alta qualidade, potente e dur\u00e1vel. Com sua temperatura de cor de 6500K, emite uma luz branca fria e vibrante, proporcionando uma reprodu\u00e7\u00e3o de cores precisa. Seu bulbo permite uma distribui\u00e7\u00e3o uniforme da luz, eliminando pontos escuros.<\/p>\n<p class=\"description\">Al\u00e9m disso, \u00e9 uma l\u00e2mpada eficiente em termos energ\u00e9ticos e possui um design elegante. \u00c9 compat\u00edvel com diversos tipos de lumin\u00e1rias e \u00e9 adequada para uso residencial, comercial e industrial. Em suma, a l\u00e2mpada Nitrolux T70 20W 6500K Bulbo \u00e9 uma excelente op\u00e7\u00e3o para ilumina\u00e7\u00e3o de qualidade e estilo.<\/p>\n<\/div>\n<\/div>\n<section class=\"sc-853fom-0 kUfFcF\">\n<div class=\"sc-853fom-3 bsoiiS\">\n<div class=\"sc-oq71vp-0 bvkIcj is--product-shelf\">\n<div class=\"sc-kuew13-1 bFaqrx shelves__btn-wrapper\"><\/div>\n<section class=\"sc-kuew13-2 kzWiSv t-teste-shelf\">\n<div class=\"swiper-container swiper-container-initialized swiper-container-horizontal\">\n<div class=\"swiper-wrapper\">\n<div class=\"sc-kuew13-3 bCEnXg swiper-slide swiper-slide-active\">\n<article class=\"sc-17o8wmr-0 eSzGKS\" data-product-id=\"139\">\n<div class=\"sc-17o8wmr-1 fjwYnQ\">\n<div class=\"sc-1bmniy-0 cbJIHk lazyloaded\" data-expand=\"-1\"><picture><source srcset=\"https:\/\/casamaisfacil.vteximg.com.br\/arquivos\/ids\/159971-230-auto\/144896-rejunto-ari-para-uso-interno-1-k-g-areia-macxcola.jpg?v=637745003023500000\" media=\"(max-width: 480px)\" sizes=\"213px\" data-srcset=\"https:\/\/casamaisfacil.vteximg.com.br\/arquivos\/ids\/159971-230-auto\/144896-rejunto-ari-para-uso-interno-1-k-g-areia-macxcola.jpg?v=637745003023500000\" \/><source srcset=\"https:\/\/casamaisfacil.vteximg.com.br\/arquivos\/ids\/159971-290-auto\/144896-rejunto-ari-para-uso-interno-1-k-g-areia-macxcola.jpg?v=637745003023500000\" media=\"(min-width: 481px)\" sizes=\"213px\" data-srcset=\"https:\/\/casamaisfacil.vteximg.com.br\/arquivos\/ids\/159971-290-auto\/144896-rejunto-ari-para-uso-interno-1-k-g-areia-macxcola.jpg?v=637745003023500000\" \/><\/picture><\/div>\n<\/div>\n<\/article>\n<\/div>\n<\/div>\n<\/div>\n<\/section>\n<\/div>\n<\/div>\n<\/section>\n","protected":false},"excerpt":{"rendered":"<p>A l\u00e2mpada Nitrolux T70 20W 6500K Bulbo \u00e9 uma op\u00e7\u00e3o de ilumina\u00e7\u00e3o de alta qualidade, potente e dur\u00e1vel. Com sua<\/p>\n","protected":false},"featured_media":0,"comment_status":"open","ping_status":"closed","template":"","meta":[],"product_brand":[],"product_cat":[218,516],"product_tag":[531,530,517,519,518,521],"class_list":{"0":"post-5720","1":"product","2":"type-product","3":"status-publish","5":"product_cat-iluminacao","6":"product_cat-lampadas","7":"product_tag-20w","8":"product_tag-bulbo","9":"product_tag-lampada","10":"product_tag-lampada-de-led","11":"product_tag-led","12":"product_tag-nitrolux","14":"first","15":"instock","16":"shipping-taxable","17":"purchasable","18":"product-type-simple"},"_links":{"self":[{"href":"https:\/\/oescadao.com.br\/index.php\/wp-json\/wp\/v2\/product\/5720","targetHints":{"allow":["GET"]}}],"collection":[{"href":"https:\/\/oescadao.com.br\/index.php\/wp-json\/wp\/v2\/product"}],"about":[{"href":"https:\/\/oescadao.com.br\/index.php\/wp-json\/wp\/v2\/types\/product"}],"replies":[{"embeddable":true,"href":"https:\/\/oescadao.com.br\/index.php\/wp-json\/wp\/v2\/comments?post=5720"}],"version-history":[{"count":3,"href":"https:\/\/oescadao.com.br\/index.php\/wp-json\/wp\/v2\/product\/5720\/revisions"}],"predecessor-version":[{"id":5845,"href":"https:\/\/oescadao.com.br\/index.php\/wp-json\/wp\/v2\/product\/5720\/revisions\/5845"}],"wp:attachment":[{"href":"https:\/\/oescadao.com.br\/index.php\/wp-json\/wp\/v2\/media?parent=5720"}],"wp:term":[{"taxonomy":"product_brand","embeddable":true,"href":"https:\/\/oescadao.com.br\/index.php\/wp-json\/wp\/v2\/product_brand?post=5720"},{"taxonomy":"product_cat","embeddable":true,"href":"https:\/\/oescadao.com.br\/index.php\/wp-json\/wp\/v2\/product_cat?post=5720"},{"taxonomy":"product_tag","embeddable":true,"href":"https:\/\/oescadao.com.br\/index.php\/wp-json\/wp\/v2\/product_tag?post=5720"}],"curies":[{"name":"wp","href":"https:\/\/api.w.org\/{rel}","templated":true}]}}