{"id":15436,"date":"2025-02-20T14:36:35","date_gmt":"2025-02-20T17:36:35","guid":{"rendered":"https:\/\/oescadao.com.br\/?post_type=product&#038;p=15436"},"modified":"2025-11-18T21:01:08","modified_gmt":"2025-11-19T00:01:08","slug":"vaso-japi-ceramico-frankfurt-bronze-14-vcfz14","status":"publish","type":"product","link":"https:\/\/oescadao.com.br\/index.php\/produto\/vaso-japi-ceramico-frankfurt-bronze-14-vcfz14\/","title":{"rendered":"VASO JAPI CERAMICO FRANKFURT BRONZE 14 VCFZ14"},"content":{"rendered":"<section class=\"section section--acc\">\n<div class=\"shell\">\n<div class=\"tabs\">\n<div class=\"tabs__body\">\n<div id=\"tab1\" class=\"tab current\">\n<div class=\"productDescription\">A linha Frankfurt traz o requinte das cores metalizadas, auxiliando na percep\u00e7\u00e3o de sofistica\u00e7\u00e3o do ambiente.<\/div>\n<\/div>\n<\/div>\n<\/div>\n<\/div>\n<\/section>\n<section class=\"section-product\">\n<div class=\"shell\"><\/div>\n<\/section>\n","protected":false},"excerpt":{"rendered":"<p>A linha Frankfurt traz o requinte das cores metalizadas, auxiliando na percep\u00e7\u00e3o de sofistica\u00e7\u00e3o do ambiente.<\/p>\n","protected":false},"featured_media":15446,"comment_status":"open","ping_status":"closed","template":"","meta":[],"product_brand":[],"product_cat":[222],"product_tag":[],"class_list":{"0":"post-15436","1":"product","2":"type-product","3":"status-publish","4":"has-post-thumbnail","6":"product_cat-jardim-e-lazer","8":"first","9":"instock","10":"shipping-taxable","11":"purchasable","12":"product-type-simple"},"_links":{"self":[{"href":"https:\/\/oescadao.com.br\/index.php\/wp-json\/wp\/v2\/product\/15436","targetHints":{"allow":["GET"]}}],"collection":[{"href":"https:\/\/oescadao.com.br\/index.php\/wp-json\/wp\/v2\/product"}],"about":[{"href":"https:\/\/oescadao.com.br\/index.php\/wp-json\/wp\/v2\/types\/product"}],"replies":[{"embeddable":true,"href":"https:\/\/oescadao.com.br\/index.php\/wp-json\/wp\/v2\/comments?post=15436"}],"version-history":[{"count":3,"href":"https:\/\/oescadao.com.br\/index.php\/wp-json\/wp\/v2\/product\/15436\/revisions"}],"predecessor-version":[{"id":20277,"href":"https:\/\/oescadao.com.br\/index.php\/wp-json\/wp\/v2\/product\/15436\/revisions\/20277"}],"wp:featuredmedia":[{"embeddable":true,"href":"https:\/\/oescadao.com.br\/index.php\/wp-json\/wp\/v2\/media\/15446"}],"wp:attachment":[{"href":"https:\/\/oescadao.com.br\/index.php\/wp-json\/wp\/v2\/media?parent=15436"}],"wp:term":[{"taxonomy":"product_brand","embeddable":true,"href":"https:\/\/oescadao.com.br\/index.php\/wp-json\/wp\/v2\/product_brand?post=15436"},{"taxonomy":"product_cat","embeddable":true,"href":"https:\/\/oescadao.com.br\/index.php\/wp-json\/wp\/v2\/product_cat?post=15436"},{"taxonomy":"product_tag","embeddable":true,"href":"https:\/\/oescadao.com.br\/index.php\/wp-json\/wp\/v2\/product_tag?post=15436"}],"curies":[{"name":"wp","href":"https:\/\/api.w.org\/{rel}","templated":true}]}}