{"id":14801,"date":"2025-01-23T10:34:16","date_gmt":"2025-01-23T13:34:16","guid":{"rendered":"https:\/\/oescadao.com.br\/?post_type=product&#038;p=14801"},"modified":"2026-02-07T15:02:00","modified_gmt":"2026-02-07T18:02:00","slug":"esfregao-mop-limpeza-pratica","status":"publish","type":"product","link":"https:\/\/oescadao.com.br\/index.php\/produto\/esfregao-mop-limpeza-pratica\/","title":{"rendered":"BALDE MOP MOR 13lt"},"content":{"rendered":"<p>&nbsp;<\/p>\n<div class=\"product-description\">\n<div class=\"product-description__title\">Descri\u00e7\u00e3o<\/div>\n<div class=\"productDescription\">Limpar a casa vai se tornar uma tarefa simples com o Esfreg\u00e3o Mop Limpeza Pr\u00e1tica. Com ele voc\u00ea economiza no tempo e ganha na praticidade! F\u00e1cil de manusear, mant\u00e9m suas m\u00e3os longe dos produtos qu\u00edmicos, \u00e1gua e sujeira. O balde possui sistema para facilitar a remo\u00e7\u00e3o do excesso de \u00e1gua e lavagem do esfreg\u00e3o, \u00e9 eficiente e muito higi\u00eanico, proporcionando maior agilidade na hora de desempenhar esta tarefa, al\u00e9m de contar com capacidade para at\u00e9 13 litros e al\u00e7a para facilitar seu transporte. O cabo do Mop pode ser articulado em at\u00e9 180\u00b0C e permite alcan\u00e7ar at\u00e9 as superficiais mais dif\u00edceis, limpando a sujeira acumulada nos cantos e embaixo dos m\u00f3veis, evitando que voc\u00ea precise se abaixar para deixar sua casa sempre brilhando.<\/div>\n<\/div>\n<div id=\"smarthint-position-4\" class=\"smarthint\"><\/div>\n<div id=\"smarthint-position-5\" class=\"smarthint\"><\/div>\n<div class=\"product-specification\">\n<div class=\"product-specification__title\">Especifica\u00e7\u00f5es<\/div>\n<div id=\"caracteristicas\">\n<table class=\"group Atributos\" cellspacing=\"0\">\n<tbody>\n<tr class=\"even\">\n<th class=\"name-field Material\">Material<\/th>\n<td class=\"value-field Material\">Polipropileno<\/td>\n<\/tr>\n<tr class=\"even\">\n<th class=\"name-field Cor-Predominante\">Cor Predominante<\/th>\n<td class=\"value-field Cor-Predominante\">Turquesa<\/td>\n<\/tr>\n<tr>\n<th class=\"name-field Capacidade\">Capacidade<\/th>\n<td class=\"value-field Capacidade\">13 litros<\/td>\n<\/tr>\n<tr class=\"even\">\n<th class=\"name-field Informacoes-importantes\">Informa\u00e7\u00f5es importantes<\/th>\n<td class=\"value-field Informacoes-importantes\">Medidas:<br \/>\nBaldes &#8211; 46cm x 25,5cm x 21cm<br \/>\nEsfreg\u00e3o ajuste 1 &#8211; \u00d816,5cm x 94,5cm<br \/>\nEsfreg\u00e3o ajuste 2 &#8211; \u00d816,5cm x 1,21m<br \/>\nRefil &#8211; \u00d816cm<\/td>\n<\/tr>\n<tr>\n<th class=\"name-field Observacoes\">Observa\u00e7\u00f5es<\/th>\n<td class=\"value-field Observacoes\">Os objetos que ambientam as imagens n\u00e3o acompanham o produto!<\/td>\n<\/tr>\n<tr class=\"even\">\n<th class=\"name-field Garantia\">Garantia<\/th>\n<td class=\"value-field Garantia\">90 Dias<\/td>\n<\/tr>\n<tr>\n<th>Altura<\/th>\n<td>21,00 Cent\u00edmetros<\/td>\n<\/tr>\n<tr>\n<th>Largura<\/th>\n<td>26,30 Cent\u00edmetros<\/td>\n<\/tr>\n<tr>\n<th>Comprimento<\/th>\n<td>47,50 Cent\u00edmetros<\/td>\n<\/tr>\n<tr>\n<th>Peso<\/th>\n<td>1,25 Kilogramas<\/td>\n<\/tr>\n<\/tbody>\n<\/table>\n<\/div>\n<\/div>\n","protected":false},"excerpt":{"rendered":"<p>&nbsp; Descri\u00e7\u00e3o Limpar a casa vai se tornar uma tarefa simples com o Esfreg\u00e3o Mop Limpeza Pr\u00e1tica. Com ele voc\u00ea<\/p>\n","protected":false},"featured_media":14806,"comment_status":"open","ping_status":"closed","template":"","meta":[],"product_brand":[],"product_cat":[225,603],"product_tag":[604,226],"class_list":{"0":"post-14801","1":"product","2":"type-product","3":"status-publish","4":"has-post-thumbnail","6":"product_cat-casa-e-limpeza","7":"product_cat-mop","8":"product_tag-esfregao","9":"product_tag-mop","11":"first","12":"instock","13":"shipping-taxable","14":"purchasable","15":"product-type-simple"},"_links":{"self":[{"href":"https:\/\/oescadao.com.br\/index.php\/wp-json\/wp\/v2\/product\/14801","targetHints":{"allow":["GET"]}}],"collection":[{"href":"https:\/\/oescadao.com.br\/index.php\/wp-json\/wp\/v2\/product"}],"about":[{"href":"https:\/\/oescadao.com.br\/index.php\/wp-json\/wp\/v2\/types\/product"}],"replies":[{"embeddable":true,"href":"https:\/\/oescadao.com.br\/index.php\/wp-json\/wp\/v2\/comments?post=14801"}],"version-history":[{"count":3,"href":"https:\/\/oescadao.com.br\/index.php\/wp-json\/wp\/v2\/product\/14801\/revisions"}],"predecessor-version":[{"id":14836,"href":"https:\/\/oescadao.com.br\/index.php\/wp-json\/wp\/v2\/product\/14801\/revisions\/14836"}],"wp:featuredmedia":[{"embeddable":true,"href":"https:\/\/oescadao.com.br\/index.php\/wp-json\/wp\/v2\/media\/14806"}],"wp:attachment":[{"href":"https:\/\/oescadao.com.br\/index.php\/wp-json\/wp\/v2\/media?parent=14801"}],"wp:term":[{"taxonomy":"product_brand","embeddable":true,"href":"https:\/\/oescadao.com.br\/index.php\/wp-json\/wp\/v2\/product_brand?post=14801"},{"taxonomy":"product_cat","embeddable":true,"href":"https:\/\/oescadao.com.br\/index.php\/wp-json\/wp\/v2\/product_cat?post=14801"},{"taxonomy":"product_tag","embeddable":true,"href":"https:\/\/oescadao.com.br\/index.php\/wp-json\/wp\/v2\/product_tag?post=14801"}],"curies":[{"name":"wp","href":"https:\/\/api.w.org\/{rel}","templated":true}]}}